{"id":2,"date":"2023-04-07T16:30:14","date_gmt":"2023-04-07T14:30:14","guid":{"rendered":"http:\/\/oczk.pl\/?page_id=2"},"modified":"2023-04-14T20:52:15","modified_gmt":"2023-04-14T18:52:15","slug":"przykladowa-strona","status":"publish","type":"page","link":"https:\/\/oczk.pl\/?page_id=2","title":{"rendered":"Przenoszenie numer\u00f3w"},"content":{"rendered":"\n<h4 class=\"wp-block-heading\">Jak wygl\u0105da proces przeniesienia numeru<\/h4>\n\n\n\n<p>Aby rozpocz\u0105\u0107 wszystkie procedury, na samym pocz\u0105tku osoba zainteresowana przeniesieniem numeru musi podpisa\u0107 z nami odpowiednie dokumenty, kt\u00f3re umo\u017cliwi\u0105 nam dzia\u0142anie w jej imieniu. To daje nam podstaw\u0119 prawn\u0105 do wypowiedzenia umowy u obecnego operatora. Nast\u0119pnie potrzebujemy od zainteresowanego jego ostatniej faktury za telefon. Znajduj\u0105cy si\u0119 na niej numer klienta jest konieczny do przeprowadzenia ca\u0142ego procesu. Sprawdzamy r\u00f3wnie\u017c, jaka jest data wystawienia faktury. Dzi\u0119ki temu mamy pewno\u015b\u0107, \u017ce umowa z obecn\u0105 firm\u0105 dalej trwa, a numer jest aktywny i mo\u017cemy go przenie\u015b\u0107 do nas. Kolejny krok to podpisanie z nami umowy o dostarczenie us\u0142ug telefonicznych. Potem mo\u017cemy ju\u017c zacz\u0105\u0107 procesowanie przeniesienia numeru.<\/p>\n\n\n\n<p>W tym celu inicjujemy odpowiedni proces na specjalistycznej platformie, kt\u00f3ra umo\u017cliwia wys\u0142anie przez nas wniosku do obecnego dostawcy o zako\u0144czeniu umowy i przeniesieniu numeru telefonu. Akceptacja wniosku to najcz\u0119\u015bciej kwestia kilku dni. Nast\u0119pnie pozostaje czeka\u0107 na zako\u0144czenie umowy \u2013 zazwyczaj jest to okres miesi\u0105ca\/dw\u00f3ch. Maj\u0105c na uwadze ten czas, w umowie kt\u00f3r\u0105 u\u017cytkownik z nami podpisuje, znajduje si\u0119 zapis, \u017ce mamy 3 miesi\u0105ce na przy\u0142\u0105czenie numeru do sieci. Nie tracimy jednak czasu, poniewa\u017c w czasie oczekiwania instalujemy u Klienta inne us\u0142ugi, np.&nbsp;<a href=\"https:\/\/jopek.com.pl\" data-type=\"URL\" data-id=\"https:\/\/jopek.com.pl\">internet<\/a>. Podczas tych dzia\u0142a\u0144 przygotowujemy odpowiedni\u0105 infrastruktur\u0119 pod telefon \u2013 kiedy wi\u0119c przychodzi data rozpocz\u0119cia naszej umowy i przeniesienia numeru \u2013 zdalnie wszystko aktywujemy.<\/p>\n\n\n\n<h4 class=\"wp-block-heading\">Na co Klient musi zwr\u00f3ci\u0107 uwag\u0119?<\/h4>\n\n\n\n<p>Wszystkie formalne czynno\u015bci zwi\u0105zane z przeniesieniem numeru s\u0105 po naszej stronie, jednak Klient powinien upewni\u0107 si\u0119, do kiedy trwa jego umowa u obecnego dostawcy. Jest to bardzo wa\u017cne, poniewa\u017c w razie zako\u0144czenia jej przed czasem, najcz\u0119\u015bciej nale\u017cy ui\u015bci\u0107 kar\u0119 zawart\u0105 w zapisach. My jednak robimy wszystko by ustrzec Konsumenta przed tak\u0105 sytuacj\u0105 \u2013 wrzucaj\u0105c wniosek do systemu, zaznaczamy stosowne opcje, kt\u00f3re w przypadku braku mo\u017cliwo\u015bci rozwi\u0105zania umowy w bez kosztowy spos\u00f3b, blokuje wypowiedzenie tej\u017ce umowy.<br>Klient musi r\u00f3wnie\u017c pami\u0119ta\u0107, by samodzielnie nie wypowiada\u0107 umowy ze swoim operatorem \u2013 w takim przypadku nie b\u0119dziemy mogli pom\u00f3c w przeniesieniu numeru. Je\u015bli wi\u0119c chcesz by\u015bmy przeprowadzili ten proces dla Ciebie, w pierwszej kolejno\u015bci skontaktuj si\u0119 z nami.<\/p>\n\n\n\n<h4 class=\"wp-block-heading\">Wybierz pakiet najlepszy dla siebie!<\/h4>\n\n\n\n<p>Kiedy wiemy ju\u017c, \u017ce przeniesienie numeru b\u0119dzie mo\u017cliwe, warto wybra\u0107 jeden z dost\u0119pnych&nbsp;pakiet\u00f3w telefonicznych, kt\u00f3ry jest jak najbardziej dopasowany do naszych potrzeb. W naszej ofercie znale\u017a\u0107 mo\u017cna pakiety, kt\u00f3re trafi\u0105 w gusta zar\u00f3wno os\u00f3b nie korzystaj\u0105cych cz\u0119sto z telefonu (pakiet Telefon 60, kt\u00f3ry daje mo\u017cliwo\u015b\u0107 wykorzystania 60 darmowych minut miesi\u0119cznie), jak i dla tych, dla kt\u00f3rych rozmowy telefoniczne to g\u0142\u00f3wny \u015brodek kontaktu (pakiet Telefon 24h \u2013 12 000 darmowych minut miesi\u0119cznie).<\/p>\n\n\n\n<p>W przypadku dalszych w\u0105tpliwo\u015bci, nasi Konsultanci z pewno\u015bci\u0105 udziel\u0105 odpowiedzi na wszelkie pytania.<\/p>\n\n\n\n<p>Zapraszamy do kontaktu z&nbsp;<strong>Biurem Obs\u0142ugi Klienta: 22 10 10 992<\/strong><a href=\"https:\/\/e-voip.pl\">     <\/a><a href=\"https:\/\/e-voip.pl\">https:\/\/e-voip.pl<\/a>.<\/p>\n\n\n<style id=\"wpforms-css-vars-root\">\n\t\t\t\t:root {\n\t\t\t\t\t--wpforms-field-border-radius: 3px;\n--wpforms-field-border-style: solid;\n--wpforms-field-border-size: 1px;\n--wpforms-field-background-color: #ffffff;\n--wpforms-field-border-color: rgba( 0, 0, 0, 0.25 );\n--wpforms-field-border-color-spare: rgba( 0, 0, 0, 0.25 );\n--wpforms-field-text-color: rgba( 0, 0, 0, 0.7 );\n--wpforms-field-menu-color: #ffffff;\n--wpforms-label-color: rgba( 0, 0, 0, 0.85 );\n--wpforms-label-sublabel-color: rgba( 0, 0, 0, 0.55 );\n--wpforms-label-error-color: #d63637;\n--wpforms-button-border-radius: 3px;\n--wpforms-button-border-style: none;\n--wpforms-button-border-size: 1px;\n--wpforms-button-background-color: #066aab;\n--wpforms-button-border-color: #066aab;\n--wpforms-button-text-color: #ffffff;\n--wpforms-page-break-color: #066aab;\n--wpforms-background-image: none;\n--wpforms-background-position: center center;\n--wpforms-background-repeat: no-repeat;\n--wpforms-background-size: cover;\n--wpforms-background-width: 100px;\n--wpforms-background-height: 100px;\n--wpforms-background-color: rgba( 0, 0, 0, 0 );\n--wpforms-background-url: none;\n--wpforms-container-padding: 0px;\n--wpforms-container-border-style: none;\n--wpforms-container-border-width: 1px;\n--wpforms-container-border-color: #000000;\n--wpforms-container-border-radius: 3px;\n--wpforms-field-size-input-height: 43px;\n--wpforms-field-size-input-spacing: 15px;\n--wpforms-field-size-font-size: 16px;\n--wpforms-field-size-line-height: 19px;\n--wpforms-field-size-padding-h: 14px;\n--wpforms-field-size-checkbox-size: 16px;\n--wpforms-field-size-sublabel-spacing: 5px;\n--wpforms-field-size-icon-size: 1;\n--wpforms-label-size-font-size: 16px;\n--wpforms-label-size-line-height: 19px;\n--wpforms-label-size-sublabel-font-size: 14px;\n--wpforms-label-size-sublabel-line-height: 17px;\n--wpforms-button-size-font-size: 17px;\n--wpforms-button-size-height: 41px;\n--wpforms-button-size-padding-h: 15px;\n--wpforms-button-size-margin-top: 10px;\n--wpforms-container-shadow-size-box-shadow: none;\n\n\t\t\t\t}\n\t\t\t<\/style><div class=\"wpforms-container wpforms-container-full wpforms-block wpforms-block-89390509-cb28-465a-9105-10e48f64c225 wpforms-render-modern\" id=\"wpforms-74\"><form id=\"wpforms-form-74\" class=\"wpforms-validate wpforms-form wpforms-ajax-form\" data-formid=\"74\" method=\"post\" enctype=\"multipart\/form-data\" action=\"\/index.php?rest_route=%2Fwp%2Fv2%2Fpages%2F2\" data-token=\"af1a5988e4324fc93934465392e37e96\" data-token-time=\"1776608324\"><noscript class=\"wpforms-error-noscript\">Aby wype\u0142ni\u0107 ten formularz, w\u0142\u0105cz obs\u0142ug\u0119 JavaScript w przegl\u0105darce.<\/noscript><div class=\"wpforms-hidden\" id=\"wpforms-error-noscript\">Aby wype\u0142ni\u0107 ten formularz, w\u0142\u0105cz obs\u0142ug\u0119 JavaScript w przegl\u0105darce.<\/div><div class=\"wpforms-field-container\"><div id=\"wpforms-74-field_0-container\" class=\"wpforms-field wpforms-field-name\" data-field-id=\"0\"><fieldset><legend class=\"wpforms-field-label\">Imi\u0119 i nazwisko <span class=\"wpforms-required-label\" aria-hidden=\"true\">*<\/span><\/legend><div class=\"wpforms-field-row wpforms-field-medium\"><div class=\"wpforms-field-row-block wpforms-first wpforms-one-half\"><input type=\"text\" id=\"wpforms-74-field_0\" class=\"wpforms-field-name-first wpforms-field-required\" name=\"wpforms[fields][0][first]\" aria-errormessage=\"wpforms-74-field_0-error\" required><label for=\"wpforms-74-field_0\" class=\"wpforms-field-sublabel after \">Imi\u0119<\/label><\/div><div class=\"wpforms-field-row-block wpforms-one-half\"><input type=\"text\" id=\"wpforms-74-field_0-last\" class=\"wpforms-field-name-last wpforms-field-required\" name=\"wpforms[fields][0][last]\" aria-errormessage=\"wpforms-74-field_0-last-error\" required><label for=\"wpforms-74-field_0-last\" class=\"wpforms-field-sublabel after \">Nazwisko<\/label><\/div><\/div><\/fieldset><\/div><div id=\"wpforms-74-field_4-container\" class=\"wpforms-field wpforms-field-number\" data-field-id=\"4\"><label class=\"wpforms-field-label\" for=\"wpforms-74-field_4\">NIP FIRMY<\/label><input type=\"number\" id=\"wpforms-74-field_4\" class=\"wpforms-field-small\" name=\"wpforms[fields][4]\" aria-errormessage=\"wpforms-74-field_4-error\" ><\/div><div id=\"wpforms-74-field_1-container\" class=\"wpforms-field wpforms-field-email\" data-field-id=\"1\"><label class=\"wpforms-field-label\" for=\"wpforms-74-field_1\">E-mail <span class=\"wpforms-required-label\" aria-hidden=\"true\">*<\/span><\/label><input type=\"email\" id=\"wpforms-74-field_1\" class=\"wpforms-field-medium wpforms-field-required\" name=\"wpforms[fields][1]\" spellcheck=\"false\" aria-errormessage=\"wpforms-74-field_1-error\" required><\/div><div id=\"wpforms-74-field_12-container\" class=\"wpforms-field wpforms-field-number\" data-field-id=\"12\"><label class=\"wpforms-field-label\" for=\"wpforms-74-field_12\">Telefony kontaktowe <span class=\"wpforms-required-label\" aria-hidden=\"true\">*<\/span><\/label><input type=\"number\" id=\"wpforms-74-field_12\" class=\"wpforms-field-medium wpforms-field-required\" name=\"wpforms[fields][12]\" aria-errormessage=\"wpforms-74-field_12-error\" required><\/div><div id=\"wpforms-74-field_11-container\" class=\"wpforms-field wpforms-field-textarea\" data-field-id=\"11\"><label class=\"wpforms-field-label\" for=\"wpforms-74-field_11\">Akapit tekstu<\/label><textarea id=\"wpforms-74-field_11\" class=\"wpforms-field-medium\" name=\"wpforms[fields][11]\" aria-errormessage=\"wpforms-74-field_11-error\" ><\/textarea><\/div><\/div><!-- .wpforms-field-container --><div class=\"wpforms-submit-container\" ><input type=\"hidden\" name=\"wpforms[id]\" value=\"74\"><input type=\"hidden\" name=\"page_title\" value=\"\"><input type=\"hidden\" name=\"page_url\" value=\"https:\/\/oczk.pl\/index.php?rest_route=%2Fwp%2Fv2%2Fpages%2F2\"><button type=\"submit\" name=\"wpforms[submit]\" id=\"wpforms-submit-74\" class=\"wpforms-submit\" data-alt-text=\"Wysy\u0142anie...\" data-submit-text=\"Prze\u015blij\" aria-live=\"assertive\" value=\"wpforms-submit\">Prze\u015blij<\/button><img decoding=\"async\" src=\"https:\/\/oczk.pl\/wp-content\/plugins\/wpforms-lite\/assets\/images\/submit-spin.svg\" class=\"wpforms-submit-spinner\" style=\"display: none;\" width=\"26\" height=\"26\" alt=\"Wczytywanie\"><\/div><\/form><\/div>  <!-- .wpforms-container -->\n\n","protected":false},"excerpt":{"rendered":"<p>Jak wygl\u0105da proces przeniesienia numeru Aby rozpocz\u0105\u0107 wszystkie procedury, na samym pocz\u0105tku osoba zainteresowana przeniesieniem numeru musi podpisa\u0107 z nami odpowiednie dokumenty, kt\u00f3re umo\u017cliwi\u0105 nam dzia\u0142anie w jej imieniu. To daje nam podstaw\u0119 prawn\u0105 do wypowiedzenia umowy u obecnego operatora. Nast\u0119pnie potrzebujemy od zainteresowanego jego ostatniej faktury za telefon. Znajduj\u0105cy si\u0119 na niej numer klienta [&hellip;]<\/p>\n","protected":false},"author":1,"featured_media":0,"parent":0,"menu_order":0,"comment_status":"closed","ping_status":"open","template":"","meta":{"footnotes":""},"class_list":["post-2","page","type-page","status-publish","hentry"],"_links":{"self":[{"href":"https:\/\/oczk.pl\/index.php?rest_route=\/wp\/v2\/pages\/2","targetHints":{"allow":["GET"]}}],"collection":[{"href":"https:\/\/oczk.pl\/index.php?rest_route=\/wp\/v2\/pages"}],"about":[{"href":"https:\/\/oczk.pl\/index.php?rest_route=\/wp\/v2\/types\/page"}],"author":[{"embeddable":true,"href":"https:\/\/oczk.pl\/index.php?rest_route=\/wp\/v2\/users\/1"}],"replies":[{"embeddable":true,"href":"https:\/\/oczk.pl\/index.php?rest_route=%2Fwp%2Fv2%2Fcomments&post=2"}],"version-history":[{"count":5,"href":"https:\/\/oczk.pl\/index.php?rest_route=\/wp\/v2\/pages\/2\/revisions"}],"predecessor-version":[{"id":151,"href":"https:\/\/oczk.pl\/index.php?rest_route=\/wp\/v2\/pages\/2\/revisions\/151"}],"wp:attachment":[{"href":"https:\/\/oczk.pl\/index.php?rest_route=%2Fwp%2Fv2%2Fmedia&parent=2"}],"curies":[{"name":"wp","href":"https:\/\/api.w.org\/{rel}","templated":true}]}}