{"id":9,"date":"2023-04-07T16:36:01","date_gmt":"2023-04-07T14:36:01","guid":{"rendered":"https:\/\/oczk.pl\/?page_id=9"},"modified":"2023-04-15T08:53:46","modified_gmt":"2023-04-15T06:53:46","slug":"informacje","status":"publish","type":"page","link":"https:\/\/oczk.pl\/?page_id=9","title":{"rendered":"Informacje"},"content":{"rendered":"\n<h2 class=\"wp-block-heading\">Zakup w naszym sklepie internetowym<\/h2>\n\n\n\n<p>Sprzeda\u017c i konfiguracja telefon\u00f3w VoIP przewodowych i bezprzewodowych takich firm <\/p>\n\n\n\n<ol class=\"wp-block-list\">\n<li>Yealink<\/li>\n\n\n\n<li>Grandstream<\/li>\n\n\n\n<li>Fanvil<\/li>\n\n\n\n<li>Axtel<\/li>\n<\/ol>\n\n\n\n<p>Wszystkie telefony zakupione w naszym sklepie s\u0105 nowe i pochodz\u0105 bezpo\u015brednio z polskiej dystrybucji. Na \u017cyczenie klienta wykonujemy konfiguracj\u0119 telefonu do ka\u017cdej us\u0142ugi VoIP. <\/p>\n\n\n\n<div class=\"wp-block-buttons is-layout-flex wp-block-buttons-is-layout-flex\">\n<div class=\"wp-block-button\"><a class=\"wp-block-button__link wp-element-button\" href=\"https:\/\/voiptech.pl\/?post_type=product\">Wej\u015bcie do sklepu<\/a><\/div>\n<\/div>\n","protected":false},"excerpt":{"rendered":"<p>Zakup w naszym sklepie internetowym Sprzeda\u017c i konfiguracja telefon\u00f3w VoIP przewodowych i bezprzewodowych takich firm Wszystkie telefony zakupione w naszym sklepie s\u0105 nowe i pochodz\u0105 bezpo\u015brednio z polskiej dystrybucji. Na \u017cyczenie klienta wykonujemy konfiguracj\u0119 telefonu do ka\u017cdej us\u0142ugi VoIP.<\/p>\n","protected":false},"author":1,"featured_media":46,"parent":0,"menu_order":0,"comment_status":"closed","ping_status":"closed","template":"","meta":{"footnotes":""},"class_list":["post-9","page","type-page","status-publish","has-post-thumbnail","hentry"],"_links":{"self":[{"href":"https:\/\/oczk.pl\/index.php?rest_route=\/wp\/v2\/pages\/9","targetHints":{"allow":["GET"]}}],"collection":[{"href":"https:\/\/oczk.pl\/index.php?rest_route=\/wp\/v2\/pages"}],"about":[{"href":"https:\/\/oczk.pl\/index.php?rest_route=\/wp\/v2\/types\/page"}],"author":[{"embeddable":true,"href":"https:\/\/oczk.pl\/index.php?rest_route=\/wp\/v2\/users\/1"}],"replies":[{"embeddable":true,"href":"https:\/\/oczk.pl\/index.php?rest_route=%2Fwp%2Fv2%2Fcomments&post=9"}],"version-history":[{"count":5,"href":"https:\/\/oczk.pl\/index.php?rest_route=\/wp\/v2\/pages\/9\/revisions"}],"predecessor-version":[{"id":153,"href":"https:\/\/oczk.pl\/index.php?rest_route=\/wp\/v2\/pages\/9\/revisions\/153"}],"wp:featuredmedia":[{"embeddable":true,"href":"https:\/\/oczk.pl\/index.php?rest_route=\/wp\/v2\/media\/46"}],"wp:attachment":[{"href":"https:\/\/oczk.pl\/index.php?rest_route=%2Fwp%2Fv2%2Fmedia&parent=9"}],"curies":[{"name":"wp","href":"https:\/\/api.w.org\/{rel}","templated":true}]}}